{"id":2,"date":"2011-12-18T14:57:21","date_gmt":"2011-12-18T13:57:21","guid":{"rendered":"http:\/\/www.kuchniokracja.hanami.pl\/?page_id=2"},"modified":"2024-09-17T16:01:39","modified_gmt":"2024-09-17T14:01:39","slug":"about","status":"publish","type":"page","link":"https:\/\/kuchniokracja.hanami.pl\/index.php\/about\/","title":{"rendered":"O mnie"},"content":{"rendered":"<p style=\"text-align: justify;\"><img loading=\"lazy\" decoding=\"async\" class=\"wp-image-8761 size-full alignleft\" src=\"https:\/\/kuchniokracja.hanami.pl\/wp-content\/uploads\/2019\/11\/zdjecie_tomaszewska_kuchniokracja1.jpg\" alt=\"Magdalena Tomaszewska-Bola\u0142ek\" width=\"200\" height=\"280\" srcset=\"https:\/\/kuchniokracja.hanami.pl\/wp-content\/uploads\/2019\/11\/zdjecie_tomaszewska_kuchniokracja1.jpg 200w, https:\/\/kuchniokracja.hanami.pl\/wp-content\/uploads\/2019\/11\/zdjecie_tomaszewska_kuchniokracja1-1x1.jpg 1w\" sizes=\"auto, (max-width: 200px) 100vw, 200px\" \/>Nazywam si\u0119 <strong>Magdalena Tomaszewska-Bola\u0142ek<\/strong>. Jestem orientalist\u0105, badaczk\u0105 kultury kulinarnej, dziennikark\u0105, kierownikiem <strong>Food Studies<\/strong> na Uniwersytecie SWPS i autork\u0105 ksi\u0105\u017cek (<em>Tradycje kulinarne Polski, <\/em><em>Tradycje kulinarne Danii, <\/em><em>Tradycje kulinarne Norwegii, <\/em><em>Tradycje kulinarne Szwecji<\/em>, <em>The Polish Table<\/em>, <em>Deserownik<\/em>, <em>Tradycje kulinarne Finlandii<\/em>, <em>Polish Culinary Paths<\/em>, <em>Tradycje kulinarne Korei<\/em>, <em>Japo\u0144skie s\u0142odycze<\/em>, <em>Tradycje kulinarne Japonii<\/em>).<\/p>\n<p style=\"text-align: justify;\">Zajmuj\u0119 si\u0119 badaniami nad: histori\u0105 jedzenia, antropologi\u0105 jedzenia, prognozowaniem trend\u00f3w, dyplomacj\u0105 oraz turystyk\u0105 kulinarn\u0105, marketingiem miejsc i mark\u0105 narodow\u0105. Promuj\u0119 kuchni\u0119 polsk\u0105 za granic\u0105. Prowadzi\u0142am wyk\u0142ady o polskiej kulturze kulinarnej na zlecenie MSZ dla Guangdong University of Foreign Studies, Peki\u0144skiego Uniwersytetu Studi\u00f3w Mi\u0119dzynarodowych Er Wai czy Chulalongkorn University w Bangkoku.<\/p>\n<p style=\"text-align: justify;\">Poza prac\u0105 naukow\u0105 pisz\u0119 o kulinariach, prowadz\u0119 spotkania dla firm, przygotowuj\u0119 przepisy, robi\u0119 zdj\u0119cia, opracowuje strategie z zakresu dyplomacji i turystyki kulinarnej, zajmuj\u0119 si\u0119 doradztwem z zakresu kultury kulinarnej oraz promocji produkt\u00f3w spo\u017cywczych.\u00a0<\/p>\n<h3 style=\"text-align: left; padding-left: 30px;\"><strong>NAGRODY:<\/strong><\/h3>\n\n\n\n<figure class=\"wp-block-image size-large\"><a href=\"https:\/\/kuchniokracja.hanami.pl\/wp-content\/uploads\/2024\/09\/nagrody_nowe24_polski1.jpg\"><img loading=\"lazy\" decoding=\"async\" width=\"960\" height=\"306\" src=\"https:\/\/kuchniokracja.hanami.pl\/wp-content\/uploads\/2024\/09\/nagrody_nowe24_polski1-960x306.jpg\" alt=\"\" class=\"wp-image-9796\" srcset=\"https:\/\/kuchniokracja.hanami.pl\/wp-content\/uploads\/2024\/09\/nagrody_nowe24_polski1-960x306.jpg 960w, https:\/\/kuchniokracja.hanami.pl\/wp-content\/uploads\/2024\/09\/nagrody_nowe24_polski1-595x189.jpg 595w, https:\/\/kuchniokracja.hanami.pl\/wp-content\/uploads\/2024\/09\/nagrody_nowe24_polski1-768x245.jpg 768w, https:\/\/kuchniokracja.hanami.pl\/wp-content\/uploads\/2024\/09\/nagrody_nowe24_polski1-1536x489.jpg 1536w, https:\/\/kuchniokracja.hanami.pl\/wp-content\/uploads\/2024\/09\/nagrody_nowe24_polski1-2048x652.jpg 2048w, https:\/\/kuchniokracja.hanami.pl\/wp-content\/uploads\/2024\/09\/nagrody_nowe24_polski1-3x1.jpg 3w\" sizes=\"auto, (max-width: 960px) 100vw, 960px\" \/><\/a><\/figure>\n\n\n<div class=\"wp-block-image\">\n<figure class=\"aligncenter size-full\"><a href=\"https:\/\/kuchniokracja.hanami.pl\/wp-content\/uploads\/2023\/10\/ksiazki1.jpg\"><img loading=\"lazy\" decoding=\"async\" width=\"800\" height=\"397\" src=\"https:\/\/kuchniokracja.hanami.pl\/wp-content\/uploads\/2023\/10\/ksiazki1.jpg\" alt=\"\" class=\"wp-image-9652\" srcset=\"https:\/\/kuchniokracja.hanami.pl\/wp-content\/uploads\/2023\/10\/ksiazki1.jpg 800w, https:\/\/kuchniokracja.hanami.pl\/wp-content\/uploads\/2023\/10\/ksiazki1-595x295.jpg 595w, https:\/\/kuchniokracja.hanami.pl\/wp-content\/uploads\/2023\/10\/ksiazki1-768x381.jpg 768w, https:\/\/kuchniokracja.hanami.pl\/wp-content\/uploads\/2023\/10\/ksiazki1-2x1.jpg 2w\" sizes=\"auto, (max-width: 800px) 100vw, 800px\" \/><\/a><\/figure><\/div>","protected":false},"excerpt":{"rendered":"<p>Nazywam si\u0119 Magdalena Tomaszewska-Bola\u0142ek. Jestem orientalist\u0105, badaczk\u0105 kultury kulinarnej, dziennikark\u0105, kierownikiem Food Studies na Uniwersytecie SWPS i autork\u0105 ksi\u0105\u017cek (Tradycje kulinarne Polski, Tradycje kulinarne Danii, Tradycje kulinarne Norwegii, Tradycje kulinarne Szwecji, The Polish Table, Deserownik, Tradycje kulinarne Finlandii, Polish Culinary Paths, Tradycje kulinarne Korei, Japo\u0144skie s\u0142odycze, Tradycje kulinarne Japonii). Zajmuj\u0119 si\u0119 badaniami nad: histori\u0105 jedzenia,&#8230;<\/p>\n","protected":false},"author":3,"featured_media":0,"parent":0,"menu_order":1,"comment_status":"closed","ping_status":"closed","template":"","meta":{"footnotes":""},"class_list":["post-2","page","type-page","status-publish","hentry"],"_links":{"self":[{"href":"https:\/\/kuchniokracja.hanami.pl\/index.php\/wp-json\/wp\/v2\/pages\/2","targetHints":{"allow":["GET"]}}],"collection":[{"href":"https:\/\/kuchniokracja.hanami.pl\/index.php\/wp-json\/wp\/v2\/pages"}],"about":[{"href":"https:\/\/kuchniokracja.hanami.pl\/index.php\/wp-json\/wp\/v2\/types\/page"}],"author":[{"embeddable":true,"href":"https:\/\/kuchniokracja.hanami.pl\/index.php\/wp-json\/wp\/v2\/users\/3"}],"replies":[{"embeddable":true,"href":"https:\/\/kuchniokracja.hanami.pl\/index.php\/wp-json\/wp\/v2\/comments?post=2"}],"version-history":[{"count":146,"href":"https:\/\/kuchniokracja.hanami.pl\/index.php\/wp-json\/wp\/v2\/pages\/2\/revisions"}],"predecessor-version":[{"id":9797,"href":"https:\/\/kuchniokracja.hanami.pl\/index.php\/wp-json\/wp\/v2\/pages\/2\/revisions\/9797"}],"wp:attachment":[{"href":"https:\/\/kuchniokracja.hanami.pl\/index.php\/wp-json\/wp\/v2\/media?parent=2"}],"curies":[{"name":"wp","href":"https:\/\/api.w.org\/{rel}","templated":true}]}}